{"id":171,"date":"2025-06-19T17:53:32","date_gmt":"2025-06-19T17:53:32","guid":{"rendered":"https:\/\/revigorafitness.com.br\/?page_id=171"},"modified":"2025-06-19T18:00:37","modified_gmt":"2025-06-19T18:00:37","slug":"contato","status":"publish","type":"page","link":"https:\/\/revigorafitness.com.br\/index.php\/contato\/","title":{"rendered":"Contato"},"content":{"rendered":"\t\t<div data-elementor-type=\"wp-page\" data-elementor-id=\"171\" class=\"elementor elementor-171\">\n\t\t\t\t<div class=\"elementor-element elementor-element-921daee e-con-full elementor-hidden-mobile e-flex e-con e-parent\" data-id=\"921daee\" data-element_type=\"container\" data-settings=\"{&quot;background_background&quot;:&quot;classic&quot;}\">\n\t\t\t\t<div class=\"elementor-element elementor-element-333bb03 elementor-widget elementor-widget-spacer\" data-id=\"333bb03\" data-element_type=\"widget\" data-widget_type=\"spacer.default\">\n\t\t\t\t<div class=\"elementor-widget-container\">\n\t\t\t\t\t\t\t<div class=\"elementor-spacer\">\n\t\t\t<div class=\"elementor-spacer-inner\"><\/div>\n\t\t<\/div>\n\t\t\t\t\t\t<\/div>\n\t\t\t\t<\/div>\n\t\t\t\t<div class=\"elementor-element elementor-element-36de972 elementor-widget elementor-widget-heading\" data-id=\"36de972\" data-element_type=\"widget\" data-widget_type=\"heading.default\">\n\t\t\t\t<div class=\"elementor-widget-container\">\n\t\t\t\t\t<h2 class=\"elementor-heading-title elementor-size-default\">Contato<\/h2>\t\t\t\t<\/div>\n\t\t\t\t<\/div>\n\t\t\t\t<div class=\"elementor-element elementor-element-062e380 elementor-widget elementor-widget-spacer\" data-id=\"062e380\" data-element_type=\"widget\" data-widget_type=\"spacer.default\">\n\t\t\t\t<div class=\"elementor-widget-container\">\n\t\t\t\t\t\t\t<div class=\"elementor-spacer\">\n\t\t\t<div class=\"elementor-spacer-inner\"><\/div>\n\t\t<\/div>\n\t\t\t\t\t\t<\/div>\n\t\t\t\t<\/div>\n\t\t\t\t<\/div>\n\t\t<div class=\"elementor-element elementor-element-0d4849a e-con-full elementor-hidden-desktop elementor-hidden-tablet e-flex e-con e-parent\" data-id=\"0d4849a\" data-element_type=\"container\" data-settings=\"{&quot;background_background&quot;:&quot;classic&quot;}\">\n\t\t\t\t<div class=\"elementor-element elementor-element-c4547cb elementor-widget elementor-widget-spacer\" data-id=\"c4547cb\" data-element_type=\"widget\" data-widget_type=\"spacer.default\">\n\t\t\t\t<div class=\"elementor-widget-container\">\n\t\t\t\t\t\t\t<div class=\"elementor-spacer\">\n\t\t\t<div class=\"elementor-spacer-inner\"><\/div>\n\t\t<\/div>\n\t\t\t\t\t\t<\/div>\n\t\t\t\t<\/div>\n\t\t\t\t<div class=\"elementor-element elementor-element-e977fc4 elementor-widget elementor-widget-heading\" data-id=\"e977fc4\" data-element_type=\"widget\" data-widget_type=\"heading.default\">\n\t\t\t\t<div class=\"elementor-widget-container\">\n\t\t\t\t\t<h2 class=\"elementor-heading-title elementor-size-default\">Contato<\/h2>\t\t\t\t<\/div>\n\t\t\t\t<\/div>\n\t\t\t\t<div class=\"elementor-element elementor-element-e559259 elementor-widget elementor-widget-spacer\" data-id=\"e559259\" data-element_type=\"widget\" data-widget_type=\"spacer.default\">\n\t\t\t\t<div class=\"elementor-widget-container\">\n\t\t\t\t\t\t\t<div class=\"elementor-spacer\">\n\t\t\t<div class=\"elementor-spacer-inner\"><\/div>\n\t\t<\/div>\n\t\t\t\t\t\t<\/div>\n\t\t\t\t<\/div>\n\t\t\t\t<\/div>\n\t\t<div class=\"elementor-element elementor-element-9edde3e e-flex e-con-boxed e-con e-parent\" data-id=\"9edde3e\" data-element_type=\"container\" data-settings=\"{&quot;background_background&quot;:&quot;classic&quot;}\">\n\t\t\t\t\t<div class=\"e-con-inner\">\n\t\t<div class=\"elementor-element elementor-element-bee9f72 e-con-full e-flex e-con e-child\" data-id=\"bee9f72\" data-element_type=\"container\">\n\t\t\t\t<div class=\"elementor-element elementor-element-48cffed elementor-widget elementor-widget-spacer\" data-id=\"48cffed\" data-element_type=\"widget\" data-widget_type=\"spacer.default\">\n\t\t\t\t<div class=\"elementor-widget-container\">\n\t\t\t\t\t\t\t<div class=\"elementor-spacer\">\n\t\t\t<div class=\"elementor-spacer-inner\"><\/div>\n\t\t<\/div>\n\t\t\t\t\t\t<\/div>\n\t\t\t\t<\/div>\n\t\t\t\t<div class=\"elementor-element elementor-element-272771a elementor-widget elementor-widget-heading\" data-id=\"272771a\" data-element_type=\"widget\" data-widget_type=\"heading.default\">\n\t\t\t\t<div class=\"elementor-widget-container\">\n\t\t\t\t\t<h2 class=\"elementor-heading-title elementor-size-default\">Fale Conosco!<\/h2>\t\t\t\t<\/div>\n\t\t\t\t<\/div>\n\t\t\t\t<div class=\"elementor-element elementor-element-44d68c5 elementor-widget elementor-widget-text-editor\" data-id=\"44d68c5\" data-element_type=\"widget\" data-widget_type=\"text-editor.default\">\n\t\t\t\t<div class=\"elementor-widget-container\">\n\t\t\t\t\t\t\t\t\t<p class=\"txt-vermelho titulo-footer\"><strong>ONDE ESTAMOS: <\/strong><\/p><p class=\"p1\">Av. Itamarati, 1545 &#8211; Vila Curu\u00e7a<br \/>Santo Andr\u00e9<br \/>CEP: 09290-730 &#8211; SP<\/p><p class=\"txt-vermelho titulo-footer\"><strong>CONTATO:<\/strong><\/p><p class=\"info-footer\">WhatsApp Recep\u00e7\u00e3o: (11) 4479-3765<\/p><p class=\"p2\">e-mail: contato@revigorafitness.com.br<\/p><p class=\"txt-vermelho titulo-footer\"><strong>HOR\u00c1RIOS DE FUNCIONAMENTO<\/strong><\/p><p class=\"txt-vermelho titulo-footer\"><strong>Seg-Sex:<\/strong> 06:00 \u00e0s 22:00h<\/p><p class=\"info-footer\"><strong>S\u00e1b:<\/strong> 08:00 \u00e0s 12:00h<\/p>\t\t\t\t\t\t\t\t<\/div>\n\t\t\t\t<\/div>\n\t\t\t\t<div class=\"elementor-element elementor-element-db22ad7 elementor-widget elementor-widget-spacer\" data-id=\"db22ad7\" data-element_type=\"widget\" data-widget_type=\"spacer.default\">\n\t\t\t\t<div class=\"elementor-widget-container\">\n\t\t\t\t\t\t\t<div class=\"elementor-spacer\">\n\t\t\t<div class=\"elementor-spacer-inner\"><\/div>\n\t\t<\/div>\n\t\t\t\t\t\t<\/div>\n\t\t\t\t<\/div>\n\t\t\t\t<\/div>\n\t\t<div class=\"elementor-element elementor-element-83d9943 e-con-full e-flex e-con e-child\" data-id=\"83d9943\" data-element_type=\"container\">\n\t\t\t\t<div class=\"elementor-element elementor-element-debfb90 elementor-widget elementor-widget-image\" data-id=\"debfb90\" data-element_type=\"widget\" data-widget_type=\"image.default\">\n\t\t\t\t<div class=\"elementor-widget-container\">\n\t\t\t\t\t\t\t\t\t\t\t\t\t\t\t<img fetchpriority=\"high\" decoding=\"async\" width=\"800\" height=\"800\" src=\"https:\/\/revigorafitness.com.br\/wp-content\/uploads\/2025\/06\/2148785582-1.jpg\" class=\"attachment-large size-large wp-image-176\" alt=\"\" srcset=\"https:\/\/revigorafitness.com.br\/wp-content\/uploads\/2025\/06\/2148785582-1.jpg 1000w, https:\/\/revigorafitness.com.br\/wp-content\/uploads\/2025\/06\/2148785582-1-300x300.jpg 300w, https:\/\/revigorafitness.com.br\/wp-content\/uploads\/2025\/06\/2148785582-1-150x150.jpg 150w, https:\/\/revigorafitness.com.br\/wp-content\/uploads\/2025\/06\/2148785582-1-768x768.jpg 768w\" sizes=\"(max-width: 800px) 100vw, 800px\" \/>\t\t\t\t\t\t\t\t\t\t\t\t\t\t\t<\/div>\n\t\t\t\t<\/div>\n\t\t\t\t<\/div>\n\t\t\t\t\t<\/div>\n\t\t\t\t<\/div>\n\t\t\t\t<\/div>\n\t\t","protected":false},"excerpt":{"rendered":"<p>Contato Contato Fale Conosco! ONDE ESTAMOS: Av. Itamarati, 1545 &#8211; Vila Curu\u00e7aSanto Andr\u00e9CEP: 09290-730 &#8211; SP CONTATO: WhatsApp Recep\u00e7\u00e3o: (11) 4479-3765 e-mail: contato@revigorafitness.com.br HOR\u00c1RIOS DE FUNCIONAMENTO Seg-Sex: 06:00 \u00e0s 22:00h S\u00e1b: 08:00 \u00e0s 12:00h<\/p>\n","protected":false},"author":1,"featured_media":0,"parent":0,"menu_order":0,"comment_status":"closed","ping_status":"closed","template":"elementor_header_footer","meta":{"footnotes":""},"class_list":["post-171","page","type-page","status-publish","hentry"],"_links":{"self":[{"href":"https:\/\/revigorafitness.com.br\/index.php\/wp-json\/wp\/v2\/pages\/171","targetHints":{"allow":["GET"]}}],"collection":[{"href":"https:\/\/revigorafitness.com.br\/index.php\/wp-json\/wp\/v2\/pages"}],"about":[{"href":"https:\/\/revigorafitness.com.br\/index.php\/wp-json\/wp\/v2\/types\/page"}],"author":[{"embeddable":true,"href":"https:\/\/revigorafitness.com.br\/index.php\/wp-json\/wp\/v2\/users\/1"}],"replies":[{"embeddable":true,"href":"https:\/\/revigorafitness.com.br\/index.php\/wp-json\/wp\/v2\/comments?post=171"}],"version-history":[{"count":10,"href":"https:\/\/revigorafitness.com.br\/index.php\/wp-json\/wp\/v2\/pages\/171\/revisions"}],"predecessor-version":[{"id":182,"href":"https:\/\/revigorafitness.com.br\/index.php\/wp-json\/wp\/v2\/pages\/171\/revisions\/182"}],"wp:attachment":[{"href":"https:\/\/revigorafitness.com.br\/index.php\/wp-json\/wp\/v2\/media?parent=171"}],"curies":[{"name":"wp","href":"https:\/\/api.w.org\/{rel}","templated":true}]}}