{"id":258,"date":"2025-06-19T18:59:26","date_gmt":"2025-06-19T18:59:26","guid":{"rendered":"https:\/\/revigorafitness.com.br\/?page_id=258"},"modified":"2025-06-19T19:01:50","modified_gmt":"2025-06-19T19:01:50","slug":"treino-funcional","status":"publish","type":"page","link":"https:\/\/revigorafitness.com.br\/index.php\/treino-funcional\/","title":{"rendered":"Treino Funcional"},"content":{"rendered":"\t\t<div data-elementor-type=\"wp-page\" data-elementor-id=\"258\" class=\"elementor elementor-258\">\n\t\t\t\t<div class=\"elementor-element elementor-element-921daee e-con-full elementor-hidden-mobile e-flex e-con e-parent\" data-id=\"921daee\" data-element_type=\"container\" data-settings=\"{&quot;background_background&quot;:&quot;classic&quot;}\">\n\t\t\t\t<div class=\"elementor-element elementor-element-333bb03 elementor-widget elementor-widget-spacer\" data-id=\"333bb03\" data-element_type=\"widget\" data-widget_type=\"spacer.default\">\n\t\t\t\t<div class=\"elementor-widget-container\">\n\t\t\t\t\t\t\t<div class=\"elementor-spacer\">\n\t\t\t<div class=\"elementor-spacer-inner\"><\/div>\n\t\t<\/div>\n\t\t\t\t\t\t<\/div>\n\t\t\t\t<\/div>\n\t\t\t\t<div class=\"elementor-element elementor-element-36de972 elementor-widget elementor-widget-heading\" data-id=\"36de972\" data-element_type=\"widget\" data-widget_type=\"heading.default\">\n\t\t\t\t<div class=\"elementor-widget-container\">\n\t\t\t\t\t<h2 class=\"elementor-heading-title elementor-size-default\">Modalidades<\/h2>\t\t\t\t<\/div>\n\t\t\t\t<\/div>\n\t\t\t\t<div class=\"elementor-element elementor-element-062e380 elementor-widget elementor-widget-spacer\" data-id=\"062e380\" data-element_type=\"widget\" data-widget_type=\"spacer.default\">\n\t\t\t\t<div class=\"elementor-widget-container\">\n\t\t\t\t\t\t\t<div class=\"elementor-spacer\">\n\t\t\t<div class=\"elementor-spacer-inner\"><\/div>\n\t\t<\/div>\n\t\t\t\t\t\t<\/div>\n\t\t\t\t<\/div>\n\t\t\t\t<\/div>\n\t\t<div class=\"elementor-element elementor-element-0d4849a e-con-full elementor-hidden-desktop elementor-hidden-tablet e-flex e-con e-parent\" data-id=\"0d4849a\" data-element_type=\"container\" data-settings=\"{&quot;background_background&quot;:&quot;classic&quot;}\">\n\t\t\t\t<div class=\"elementor-element elementor-element-c4547cb elementor-widget elementor-widget-spacer\" data-id=\"c4547cb\" data-element_type=\"widget\" data-widget_type=\"spacer.default\">\n\t\t\t\t<div class=\"elementor-widget-container\">\n\t\t\t\t\t\t\t<div class=\"elementor-spacer\">\n\t\t\t<div class=\"elementor-spacer-inner\"><\/div>\n\t\t<\/div>\n\t\t\t\t\t\t<\/div>\n\t\t\t\t<\/div>\n\t\t\t\t<div class=\"elementor-element elementor-element-e977fc4 elementor-widget elementor-widget-heading\" data-id=\"e977fc4\" data-element_type=\"widget\" data-widget_type=\"heading.default\">\n\t\t\t\t<div class=\"elementor-widget-container\">\n\t\t\t\t\t<h2 class=\"elementor-heading-title elementor-size-default\">Modalidades<\/h2>\t\t\t\t<\/div>\n\t\t\t\t<\/div>\n\t\t\t\t<div class=\"elementor-element elementor-element-e559259 elementor-widget elementor-widget-spacer\" data-id=\"e559259\" data-element_type=\"widget\" data-widget_type=\"spacer.default\">\n\t\t\t\t<div class=\"elementor-widget-container\">\n\t\t\t\t\t\t\t<div class=\"elementor-spacer\">\n\t\t\t<div class=\"elementor-spacer-inner\"><\/div>\n\t\t<\/div>\n\t\t\t\t\t\t<\/div>\n\t\t\t\t<\/div>\n\t\t\t\t<\/div>\n\t\t<div class=\"elementor-element elementor-element-c9f7fba e-flex e-con-boxed e-con e-parent\" data-id=\"c9f7fba\" data-element_type=\"container\" data-settings=\"{&quot;background_background&quot;:&quot;classic&quot;}\">\n\t\t\t\t\t<div class=\"e-con-inner\">\n\t\t<div class=\"elementor-element elementor-element-0a372a0 e-con-full e-flex e-con e-child\" data-id=\"0a372a0\" data-element_type=\"container\">\n\t\t\t\t<div class=\"elementor-element elementor-element-7ec0a17 elementor-widget elementor-widget-spacer\" data-id=\"7ec0a17\" data-element_type=\"widget\" data-widget_type=\"spacer.default\">\n\t\t\t\t<div class=\"elementor-widget-container\">\n\t\t\t\t\t\t\t<div class=\"elementor-spacer\">\n\t\t\t<div class=\"elementor-spacer-inner\"><\/div>\n\t\t<\/div>\n\t\t\t\t\t\t<\/div>\n\t\t\t\t<\/div>\n\t\t\t\t<div class=\"elementor-element elementor-element-114c5cc elementor-widget elementor-widget-heading\" data-id=\"114c5cc\" data-element_type=\"widget\" data-widget_type=\"heading.default\">\n\t\t\t\t<div class=\"elementor-widget-container\">\n\t\t\t\t\t<h2 class=\"elementor-heading-title elementor-size-default\">Treino Funcional<\/h2>\t\t\t\t<\/div>\n\t\t\t\t<\/div>\n\t\t\t\t<div class=\"elementor-element elementor-element-85cda1d elementor-widget elementor-widget-text-editor\" data-id=\"85cda1d\" data-element_type=\"widget\" data-widget_type=\"text-editor.default\">\n\t\t\t\t<div class=\"elementor-widget-container\">\n\t\t\t\t\t\t\t\t\t<p data-start=\"73\" data-end=\"351\"><strong data-start=\"73\" data-end=\"137\">Movimente-se de forma inteligente, din\u00e2mica e com prop\u00f3sito.<\/strong><br data-start=\"137\" data-end=\"140\" \/>O Treino Funcional utiliza exerc\u00edcios que imitam os movimentos do dia a dia, com foco em for\u00e7a, equil\u00edbrio, agilidade e coordena\u00e7\u00e3o. \u00c9 uma modalidade vers\u00e1til, com treinos variados e adaptados a todos os n\u00edveis.<\/p><p data-start=\"353\" data-end=\"538\">Mais do que um treino convencional, o funcional desperta o corpo para o desempenho real. A cada sess\u00e3o, voc\u00ea sente mais autonomia, resist\u00eancia e confian\u00e7a para encarar qualquer desafio.<\/p><p data-start=\"540\" data-end=\"661\"><strong data-start=\"540\" data-end=\"573\">Corpo mais forte e preparado:<\/strong><br data-start=\"573\" data-end=\"576\" \/>Desenvolve for\u00e7a, resist\u00eancia e estabilidade para atividades cotidianas e esportivas.<\/p><p data-start=\"663\" data-end=\"777\"><strong data-start=\"663\" data-end=\"706\">Melhora do equil\u00edbrio e da coordena\u00e7\u00e3o:<\/strong><br data-start=\"706\" data-end=\"709\" \/>Trabalha movimentos integrados que aprimoram a consci\u00eancia corporal.<\/p><p data-start=\"779\" data-end=\"896\"><strong data-start=\"779\" data-end=\"813\">Aulas din\u00e2micas e motivadoras:<\/strong><br data-start=\"813\" data-end=\"816\" \/>Treinos variados que mant\u00eam o foco, evitam a monotonia e aceleram os resultados.<\/p>\t\t\t\t\t\t\t\t<\/div>\n\t\t\t\t<\/div>\n\t\t\t\t<div class=\"elementor-element elementor-element-c4391aa elementor-widget elementor-widget-heading\" data-id=\"c4391aa\" data-element_type=\"widget\" data-widget_type=\"heading.default\">\n\t\t\t\t<div class=\"elementor-widget-container\">\n\t\t\t\t\t<h2 class=\"elementor-heading-title elementor-size-default\">Sua melhor vers\u00e3o est\u00e1 aqui!<\/h2>\t\t\t\t<\/div>\n\t\t\t\t<\/div>\n\t\t\t\t<\/div>\n\t\t<div class=\"elementor-element elementor-element-deced13 e-con-full e-flex e-con e-child\" data-id=\"deced13\" data-element_type=\"container\">\n\t\t\t\t<div class=\"elementor-element elementor-element-a5ec4f7 elementor-widget elementor-widget-image\" data-id=\"a5ec4f7\" data-element_type=\"widget\" data-widget_type=\"image.default\">\n\t\t\t\t<div class=\"elementor-widget-container\">\n\t\t\t\t\t\t\t\t\t\t\t\t\t\t\t\t<a href=\"#freepass\">\n\t\t\t\t\t\t\t<img fetchpriority=\"high\" decoding=\"async\" width=\"494\" height=\"600\" src=\"https:\/\/revigorafitness.com.br\/wp-content\/uploads\/2025\/06\/Funcional-3.png\" class=\"attachment-full size-full wp-image-57\" alt=\"\" srcset=\"https:\/\/revigorafitness.com.br\/wp-content\/uploads\/2025\/06\/Funcional-3.png 494w, https:\/\/revigorafitness.com.br\/wp-content\/uploads\/2025\/06\/Funcional-3-247x300.png 247w\" sizes=\"(max-width: 494px) 100vw, 494px\" \/>\t\t\t\t\t\t\t\t<\/a>\n\t\t\t\t\t\t\t\t\t\t\t\t\t\t\t<\/div>\n\t\t\t\t<\/div>\n\t\t\t\t<\/div>\n\t\t\t\t\t<\/div>\n\t\t\t\t<\/div>\n\t\t<div class=\"elementor-element elementor-element-eee4654 e-flex e-con-boxed e-con e-parent\" data-id=\"eee4654\" data-element_type=\"container\" data-settings=\"{&quot;background_background&quot;:&quot;classic&quot;}\">\n\t\t\t\t\t<div class=\"e-con-inner\">\n\t\t\t\t<div class=\"elementor-element elementor-element-1fc920a elementor-widget elementor-widget-menu-anchor\" data-id=\"1fc920a\" data-element_type=\"widget\" data-widget_type=\"menu-anchor.default\">\n\t\t\t\t<div class=\"elementor-widget-container\">\n\t\t\t\t\t\t\t<div class=\"elementor-menu-anchor\" id=\"freepass\"><\/div>\n\t\t\t\t\t\t<\/div>\n\t\t\t\t<\/div>\n\t\t\t\t<div class=\"elementor-element elementor-element-cad5f99 elementor-widget elementor-widget-html\" data-id=\"cad5f99\" data-element_type=\"widget\" data-widget_type=\"html.default\">\n\t\t\t\t<div class=\"elementor-widget-container\">\n\t\t\t\t\t<iframe\n    src=\"https:\/\/api.leadconnectorhq.com\/widget\/form\/cDiBS4DyiQuaYhPuhfSI\"\n    style=\"width:100%;height:100%;border:none;border-radius:4px\"\n    id=\"inline-cDiBS4DyiQuaYhPuhfSI\" \n    data-layout=\"{'id':'INLINE'}\"\n    data-trigger-type=\"alwaysShow\"\n    data-trigger-value=\"\"\n    data-activation-type=\"alwaysActivated\"\n    data-activation-value=\"\"\n    data-deactivation-type=\"neverDeactivate\"\n    data-deactivation-value=\"\"\n    data-form-name=\"Formul\u00e1rio (Site) Revigora Fitness\"\n    data-height=\"887\"\n    data-layout-iframe-id=\"inline-cDiBS4DyiQuaYhPuhfSI\"\n    data-form-id=\"cDiBS4DyiQuaYhPuhfSI\"\n    title=\"Formul\u00e1rio (Site) Revigora Fitness\"\n        >\n<\/iframe>\n<script src=\"https:\/\/link.msgsndr.com\/js\/form_embed.js\"><\/script>\t\t\t\t<\/div>\n\t\t\t\t<\/div>\n\t\t\t\t\t<\/div>\n\t\t\t\t<\/div>\n\t\t\t\t<\/div>\n\t\t","protected":false},"excerpt":{"rendered":"<p>Modalidades Modalidades Treino Funcional Movimente-se de forma inteligente, din\u00e2mica e com prop\u00f3sito.O Treino Funcional utiliza exerc\u00edcios que imitam os movimentos do dia a dia, com foco em for\u00e7a, equil\u00edbrio, agilidade e coordena\u00e7\u00e3o. \u00c9 uma modalidade vers\u00e1til, com treinos variados e adaptados a todos os n\u00edveis. Mais do que um treino convencional, o funcional desperta o [&hellip;]<\/p>\n","protected":false},"author":1,"featured_media":0,"parent":0,"menu_order":0,"comment_status":"closed","ping_status":"closed","template":"elementor_header_footer","meta":{"footnotes":""},"class_list":["post-258","page","type-page","status-publish","hentry"],"_links":{"self":[{"href":"https:\/\/revigorafitness.com.br\/index.php\/wp-json\/wp\/v2\/pages\/258","targetHints":{"allow":["GET"]}}],"collection":[{"href":"https:\/\/revigorafitness.com.br\/index.php\/wp-json\/wp\/v2\/pages"}],"about":[{"href":"https:\/\/revigorafitness.com.br\/index.php\/wp-json\/wp\/v2\/types\/page"}],"author":[{"embeddable":true,"href":"https:\/\/revigorafitness.com.br\/index.php\/wp-json\/wp\/v2\/users\/1"}],"replies":[{"embeddable":true,"href":"https:\/\/revigorafitness.com.br\/index.php\/wp-json\/wp\/v2\/comments?post=258"}],"version-history":[{"count":4,"href":"https:\/\/revigorafitness.com.br\/index.php\/wp-json\/wp\/v2\/pages\/258\/revisions"}],"predecessor-version":[{"id":264,"href":"https:\/\/revigorafitness.com.br\/index.php\/wp-json\/wp\/v2\/pages\/258\/revisions\/264"}],"wp:attachment":[{"href":"https:\/\/revigorafitness.com.br\/index.php\/wp-json\/wp\/v2\/media?parent=258"}],"curies":[{"name":"wp","href":"https:\/\/api.w.org\/{rel}","templated":true}]}}